{"id":46,"date":"2024-10-17T16:36:25","date_gmt":"2024-10-17T19:36:25","guid":{"rendered":"https:\/\/www.sofiasender.com\/catalogo\/?page_id=46"},"modified":"2024-10-18T13:12:47","modified_gmt":"2024-10-18T16:12:47","slug":"envios","status":"publish","type":"page","link":"https:\/\/www.sofiasender.com\/catalogo\/envios\/","title":{"rendered":"Env\u00edos"},"content":{"rendered":"<hr \/>\r\n<ul>\r\n<li>Los pedidos se entregan a los 10 d\u00edas h\u00e1biles despu\u00e9s del pago.<br \/><br \/><\/li>\r\n<li>La caja ser\u00e1 despachada una vez abonado el env\u00edo.<br \/><br \/><\/li>\r\n<li>Empresas para env\u00edo: Correo Argentino.<br \/><br \/><\/li>\r\n<li>Tipo de env\u00edo: A sucursal.<\/li>\r\n<\/ul>\r\n","protected":false},"excerpt":{"rendered":"<p>Los pedidos se entregan a los 10 d\u00edas h\u00e1biles despu\u00e9s del pago. La caja ser\u00e1 despachada una vez abonado el env\u00edo. Empresas para env\u00edo: Correo Argentino. Tipo de env\u00edo: A sucursal.<\/p>\n","protected":false},"author":1,"featured_media":0,"parent":0,"menu_order":3,"comment_status":"closed","ping_status":"closed","template":"","meta":{"footnotes":""},"class_list":["post-46","page","type-page","status-publish","hentry"],"_links":{"self":[{"href":"https:\/\/www.sofiasender.com\/catalogo\/wp-json\/wp\/v2\/pages\/46"}],"collection":[{"href":"https:\/\/www.sofiasender.com\/catalogo\/wp-json\/wp\/v2\/pages"}],"about":[{"href":"https:\/\/www.sofiasender.com\/catalogo\/wp-json\/wp\/v2\/types\/page"}],"author":[{"embeddable":true,"href":"https:\/\/www.sofiasender.com\/catalogo\/wp-json\/wp\/v2\/users\/1"}],"replies":[{"embeddable":true,"href":"https:\/\/www.sofiasender.com\/catalogo\/wp-json\/wp\/v2\/comments?post=46"}],"version-history":[{"count":11,"href":"https:\/\/www.sofiasender.com\/catalogo\/wp-json\/wp\/v2\/pages\/46\/revisions"}],"predecessor-version":[{"id":134,"href":"https:\/\/www.sofiasender.com\/catalogo\/wp-json\/wp\/v2\/pages\/46\/revisions\/134"}],"wp:attachment":[{"href":"https:\/\/www.sofiasender.com\/catalogo\/wp-json\/wp\/v2\/media?parent=46"}],"curies":[{"name":"wp","href":"https:\/\/api.w.org\/{rel}","templated":true}]}}